{"id":2522,"date":"2015-01-02T00:17:54","date_gmt":"2015-01-01T23:17:54","guid":{"rendered":"https:\/\/phone-hospital.eu\/store\/produkt\/ersatzteile-fuer-iphone-6-plus\/display-in-weiss-mit-zierring-in-silber-fuer-iphone-6-plus\/"},"modified":"2015-02-09T03:45:59","modified_gmt":"2015-02-09T02:45:59","slug":"display-in-weiss-mit-zierring-in-silber-fuer-iphone-6-plus","status":"publish","type":"product","link":"https:\/\/phone-hospital.eu\/store\/produkt\/display-in-weiss-mit-zierring-in-silber-fuer-iphone-6-plus\/","title":{"rendered":"Display"},"content":{"rendered":"<p style=\"text-align: justify;\">Das Display in Wei\u00df (mit Zierring in Silber) f\u00fcr iPhone 6 Plus besteht aus folgenden Komponenten:<\/p>\n<ul>\n<li style=\"text-align: justify;\"><strong>Glas-Touchscreen-LCD-Kit:<\/strong>\n<ul>\n<li><strong>Glasfront:<\/strong> einfaches Glas, das die dahinter liegenden Komponenten vor Fingerabdr\u00fccken, Staub und anderen Einwirkungen von au\u00dfen sch\u00fctzt.<\/li>\n<li><strong>Touchscreen:<\/strong> das Touchscreen (auch Digitizer genannt) ist eine Einheit die dem Ger\u00e4t mitteilt wo, wie und wie viele Finger Sie gerade verwenden. Das Touchscreen ist f\u00fcr die Steuerung des Ger\u00e4tes zust\u00e4ndig.<\/li>\n<li><strong>LCD Panel:<\/strong> das LCD Panel mit\u00a0Retina-Aufl\u00f6sung ist f\u00fcr die Darstellung des Bildes zust\u00e4ndig.<\/li>\n<li><strong>Rahmen:<\/strong> auf dem Rahmen wurde das Glas mit Touchscreen (Digitizer) befestigt, das sp\u00e4ter an das Geh\u00e4use geklemmt wird.<\/li>\n<\/ul>\n<\/li>\n<li style=\"text-align: justify;\"><strong>Home-Button\/Touch ID:<\/strong> Der Home-Button, ist der Knopf der unter dem Display\/Touchscreen zu finden ist. Erst mit dem Home-Button\/Touch ID Flex-Kabel , dass f\u00fcr die Signal\u00fcbertragung des Home-Button\/Touch ID verantwortlich ist, erh\u00e4lt der Home-Button\/Touch ID seine technische Funktion.<\/li>\n<\/ul>\n<p style=\"text-align: justify;\">Bei diesem Display handelt es sich um eine &#8220;komplette&#8221; Display-Einheit, d.h. es befinden bereits auch die folgenden Komponenten am Display, damit das\u00a0urspr\u00fcnglichen Display nur noch gegen das neue Display getauscht werden kann, ohne weitere umbauten vom urspr\u00fcnglichen Display vorzunehmen.<\/p>\n<ul>\n<li><strong>H\u00f6rmuschel<\/strong><\/li>\n<li><strong>H\u00f6rmuschel-Gitter<\/strong><\/li>\n<li><strong>H\u00f6rmuschel Halterung<\/strong><\/li>\n<li><strong>Frontkamera \/ Ann\u00e4herungs-\/Licht-Sensor \/<br \/>\nUmgebungsmikrophon Flex-Kabel<\/strong><\/li>\n<li><strong>Frontkamera Position-Fixierung<\/strong><\/li>\n<li><strong>Ann\u00e4herungs-\/Licht-Sensor Position-Fixierung<\/strong><\/li>\n<li><strong>Umgebungsmikrophon Position-Fixierung<\/strong><\/li>\n<li><strong>Home-Button \/ Touch ID Zierring in Silber<\/strong><\/li>\n<li><strong>Home-Button \/ Touch ID Saphirglas in Wei\u00df<\/strong><\/li>\n<li><strong>Home-Button \/ Touch ID Flex-Kabel<\/strong><\/li>\n<li><strong>Home-Button \/ Touch ID Klebegummi<\/strong><\/li>\n<li><strong>Home-Button \/ Touch ID Halterung<\/strong><\/li>\n<li><strong>LCD Panel Halterung<\/strong><\/li>\n<li><strong>Schrauben f\u00fcr die entsprechenden Komponenten<\/strong><\/li>\n<\/ul>\n<p>&nbsp;<\/p>\n<span id=\"tablepress-iphone-6-plus-silver-description\" class=\"tablepress-table-description tablepress-table-description-id-iphone-6-plus-silver\">Dieses Produkt ist kompatibel zu<\/span>\n\n<table id=\"tablepress-iphone-6-plus-silver\" class=\"tablepress tablepress-id-iphone-6-plus-silver\" aria-describedby=\"tablepress-iphone-6-plus-silver-description\">\n<tbody class=\"row-striping row-hover\">\n<tr class=\"row-1\">\n\t<td class=\"column-1\"><s>iPhone<\/s><\/td><td class=\"column-2\"><s>4GB<\/s><\/td><td class=\"column-3\"><\/td><td class=\"column-4\"><\/td><td class=\"column-5\"><\/td><td class=\"column-6\"><\/td><td class=\"column-7\"><\/td>\n<\/tr>\n<tr class=\"row-2\">\n\t<td class=\"column-1\"><s>iPhone<\/s><\/td><td class=\"column-2\"><s>8GB<\/s><\/td><td class=\"column-3\"><\/td><td class=\"column-4\"><\/td><td class=\"column-5\"><\/td><td class=\"column-6\"><\/td><td class=\"column-7\"><\/td>\n<\/tr>\n<tr class=\"row-3\">\n\t<td class=\"column-1\"><s>iPhone<\/s><\/td><td class=\"column-2\"><s>16GB<\/s><\/td><td class=\"column-3\"><\/td><td class=\"column-4\"><\/td><td class=\"column-5\"><\/td><td class=\"column-6\"><\/td><td class=\"column-7\"><\/td>\n<\/tr>\n<tr class=\"row-4\">\n\t<td class=\"column-1\"><s>iPhone 3G<\/s><\/td><td class=\"column-2\"><s>8GB<\/s><\/td><td class=\"column-3\"><s>Schwarz<\/s><\/td><td class=\"column-4\"><\/td><td class=\"column-5\"><\/td><td class=\"column-6\"><\/td><td class=\"column-7\"><\/td>\n<\/tr>\n<tr class=\"row-5\">\n\t<td class=\"column-1\"><s>iPhone 3G<\/s><\/td><td class=\"column-2\"><s>16GB<\/s><\/td><td class=\"column-3\"><s>Schwarz<\/s><\/td><td class=\"column-4\"><s>Wei\u00df<\/s><\/td><td class=\"column-5\"><\/td><td class=\"column-6\"><\/td><td class=\"column-7\"><\/td>\n<\/tr>\n<tr class=\"row-6\">\n\t<td class=\"column-1\"><s>iPhone 3GS<\/s><\/td><td class=\"column-2\"><s>8GB<\/s><\/td><td class=\"column-3\"><s>Schwarz<\/s><\/td><td class=\"column-4\"><\/td><td class=\"column-5\"><\/td><td class=\"column-6\"><\/td><td class=\"column-7\"><\/td>\n<\/tr>\n<tr class=\"row-7\">\n\t<td class=\"column-1\"><s>iPhone 3GS<\/s><\/td><td class=\"column-2\"><s>16GB<\/s><\/td><td class=\"column-3\"><s>Schwarz<\/s><\/td><td class=\"column-4\"><s>Wei\u00df<\/s><\/td><td class=\"column-5\"><\/td><td class=\"column-6\"><\/td><td class=\"column-7\"><\/td>\n<\/tr>\n<tr class=\"row-8\">\n\t<td class=\"column-1\"><s>iPhone 3GS<\/s><\/td><td class=\"column-2\"><s>32GB<\/s><\/td><td class=\"column-3\"><s>Schwarz<\/s><\/td><td class=\"column-4\"><s>Wei\u00df<\/s><\/td><td class=\"column-5\"><\/td><td class=\"column-6\"><\/td><td class=\"column-7\"><\/td>\n<\/tr>\n<tr class=\"row-9\">\n\t<td class=\"column-1\"><s>iPhone 4 (GSM)<\/s><\/td><td class=\"column-2\"><s>8GB<\/s><\/td><td class=\"column-3\"><s>Schwarz<\/s><\/td><td class=\"column-4\"><s>Wei\u00df<\/s><\/td><td class=\"column-5\"><\/td><td class=\"column-6\"><\/td><td class=\"column-7\"><\/td>\n<\/tr>\n<tr class=\"row-10\">\n\t<td class=\"column-1\"><s>iPhone 4 (GSM)<\/s><\/td><td class=\"column-2\"><s>16GB<\/s><\/td><td class=\"column-3\"><s>Schwarz<\/s><\/td><td class=\"column-4\"><s>Wei\u00df<\/s><\/td><td class=\"column-5\"><\/td><td class=\"column-6\"><\/td><td class=\"column-7\"><\/td>\n<\/tr>\n<tr class=\"row-11\">\n\t<td class=\"column-1\"><s>iPhone 4 (GSM)<\/s><\/td><td class=\"column-2\"><s>32GB<\/s><\/td><td class=\"column-3\"><s>Schwarz<\/s><\/td><td class=\"column-4\"><s>Wei\u00df<\/s><\/td><td class=\"column-5\"><\/td><td class=\"column-6\"><\/td><td class=\"column-7\"><\/td>\n<\/tr>\n<tr class=\"row-12\">\n\t<td class=\"column-1\"><s>iPhone 4 (CDMA)<\/s><\/td><td class=\"column-2\"><s>8GB<\/s><\/td><td class=\"column-3\"><s>Schwarz<\/s><\/td><td class=\"column-4\"><s>Wei\u00df<\/s><\/td><td class=\"column-5\"><\/td><td class=\"column-6\"><\/td><td class=\"column-7\"><\/td>\n<\/tr>\n<tr class=\"row-13\">\n\t<td class=\"column-1\"><s>iPhone 4 (CDMA)<\/s><\/td><td class=\"column-2\"><s>16GB<\/s><\/td><td class=\"column-3\"><s>Schwarz<\/s><\/td><td class=\"column-4\"><s>Wei\u00df<\/s><\/td><td class=\"column-5\"><\/td><td class=\"column-6\"><\/td><td class=\"column-7\"><\/td>\n<\/tr>\n<tr class=\"row-14\">\n\t<td class=\"column-1\"><s>iPhone 4 (CDMA)<\/s><\/td><td class=\"column-2\"><s>32GB<\/s><\/td><td class=\"column-3\"><s>Schwarz<\/s><\/td><td class=\"column-4\"><s>Wei\u00df<\/s><\/td><td class=\"column-5\"><\/td><td class=\"column-6\"><\/td><td class=\"column-7\"><\/td>\n<\/tr>\n<tr class=\"row-15\">\n\t<td class=\"column-1\"><s>iPhone 4S<\/s><\/td><td class=\"column-2\"><s>8GB<\/s><\/td><td class=\"column-3\"><s>Schwarz<\/s><\/td><td class=\"column-4\"><s>Wei\u00df<\/s><\/td><td class=\"column-5\"><\/td><td class=\"column-6\"><\/td><td class=\"column-7\"><\/td>\n<\/tr>\n<tr class=\"row-16\">\n\t<td class=\"column-1\"><s>iPhone 4S<\/s><\/td><td class=\"column-2\"><s>16GB<\/s><\/td><td class=\"column-3\"><s>Schwarz<\/s><\/td><td class=\"column-4\"><s>Wei\u00df<\/s><\/td><td class=\"column-5\"><\/td><td class=\"column-6\"><\/td><td class=\"column-7\"><\/td>\n<\/tr>\n<tr class=\"row-17\">\n\t<td class=\"column-1\"><s>iPhone 4S<\/s><\/td><td class=\"column-2\"><s>32GB<\/s><\/td><td class=\"column-3\"><s>Schwarz<\/s><\/td><td class=\"column-4\"><s>Wei\u00df<\/s><\/td><td class=\"column-5\"><\/td><td class=\"column-6\"><\/td><td class=\"column-7\"><\/td>\n<\/tr>\n<tr class=\"row-18\">\n\t<td class=\"column-1\"><s>iPhone 4S<\/s><\/td><td class=\"column-2\"><s>64GB<\/s><\/td><td class=\"column-3\"><s>Schwarz<\/s><\/td><td class=\"column-4\"><s>Wei\u00df<\/s><\/td><td class=\"column-5\"><\/td><td class=\"column-6\"><\/td><td class=\"column-7\"><\/td>\n<\/tr>\n<tr class=\"row-19\">\n\t<td class=\"column-1\"><s>iPhone 5<\/s><\/td><td class=\"column-2\"><s>16GB<\/s><\/td><td class=\"column-3\"><s>Schwarz &amp; Graphit<\/s><\/td><td class=\"column-4\"><s>Wei\u00df &amp; Silber<\/s><\/td><td class=\"column-5\"><\/td><td class=\"column-6\"><\/td><td class=\"column-7\"><\/td>\n<\/tr>\n<tr class=\"row-20\">\n\t<td class=\"column-1\"><s>iPhone 5<\/s><\/td><td class=\"column-2\"><s>32GB<\/s><\/td><td class=\"column-3\"><s>Schwarz &amp; Graphit<\/s><\/td><td class=\"column-4\"><s>Wei\u00df &amp; Silber<\/s><\/td><td class=\"column-5\"><\/td><td class=\"column-6\"><\/td><td class=\"column-7\"><\/td>\n<\/tr>\n<tr class=\"row-21\">\n\t<td class=\"column-1\"><s>iPhone 5<\/s><\/td><td class=\"column-2\"><s>64GB<\/s><\/td><td class=\"column-3\"><s>Schwarz &amp; Graphit<\/s><\/td><td class=\"column-4\"><s>Wei\u00df &amp; Silber<\/s><\/td><td class=\"column-5\"><\/td><td class=\"column-6\"><\/td><td class=\"column-7\"><\/td>\n<\/tr>\n<tr class=\"row-22\">\n\t<td class=\"column-1\"><s>iPhone 5C<\/s><\/td><td class=\"column-2\"><s>8GB<\/s><\/td><td class=\"column-3\"><s>Wei\u00df<\/s><\/td><td class=\"column-4\"><s>Pink<\/s><\/td><td class=\"column-5\"><s>Gelb<\/s><\/td><td class=\"column-6\"><s>Blau<\/s><\/td><td class=\"column-7\"><s>Gr\u00fcn<\/s><\/td>\n<\/tr>\n<tr class=\"row-23\">\n\t<td class=\"column-1\"><s>iPhone 5C<\/s><\/td><td class=\"column-2\"><s>16GB<\/s><\/td><td class=\"column-3\"><s>Wei\u00df<\/s><\/td><td class=\"column-4\"><s>Pink<\/s><\/td><td class=\"column-5\"><s>Gelb<\/s><\/td><td class=\"column-6\"><s>Blau<\/s><\/td><td class=\"column-7\"><s>Gr\u00fcn<\/s><\/td>\n<\/tr>\n<tr class=\"row-24\">\n\t<td class=\"column-1\"><s>iPhone 5C<\/s><\/td><td class=\"column-2\"><s>32GB<\/s><\/td><td class=\"column-3\"><s>Wei\u00df<\/s><\/td><td class=\"column-4\"><s>Pink<\/s><\/td><td class=\"column-5\"><s>Gelb<\/s><\/td><td class=\"column-6\"><s>Blau<\/s><\/td><td class=\"column-7\"><s>Gr\u00fcn<\/s><\/td>\n<\/tr>\n<tr class=\"row-25\">\n\t<td class=\"column-1\"><s>iPhone 5S<\/s><\/td><td class=\"column-2\"><s>16GB<\/s><\/td><td class=\"column-3\"><s>Silber<\/s><\/td><td class=\"column-4\"><s>Gold<\/s><\/td><td class=\"column-5\"><s>Spacegrau<\/s><\/td><td class=\"column-6\"><\/td><td class=\"column-7\"><\/td>\n<\/tr>\n<tr class=\"row-26\">\n\t<td class=\"column-1\"><s>iPhone 5S<\/s><\/td><td class=\"column-2\"><s>32GB<\/s><\/td><td class=\"column-3\"><s>Silber<\/s><\/td><td class=\"column-4\"><s>Gold<\/s><\/td><td class=\"column-5\"><s>Spacegrau<\/s><\/td><td class=\"column-6\"><\/td><td class=\"column-7\"><\/td>\n<\/tr>\n<tr class=\"row-27\">\n\t<td class=\"column-1\"><s>iPhone 5S<\/s><\/td><td class=\"column-2\"><s>64GB<\/s><\/td><td class=\"column-3\"><s>Silber<\/s><\/td><td class=\"column-4\"><s>Gold<\/s><\/td><td class=\"column-5\"><s>Spacegrau<\/s><\/td><td class=\"column-6\"><\/td><td class=\"column-7\"><\/td>\n<\/tr>\n<tr class=\"row-28\">\n\t<td class=\"column-1\"><s>iPhone 6<\/s><\/td><td class=\"column-2\"><s>16GB<\/s><\/td><td class=\"column-3\"><s>Silber<\/s><\/td><td class=\"column-4\"><s>Gold<\/s><\/td><td class=\"column-5\"><s>Spacegrau<\/s><\/td><td class=\"column-6\"><\/td><td class=\"column-7\"><\/td>\n<\/tr>\n<tr class=\"row-29\">\n\t<td class=\"column-1\"><s>iPhone 6<\/s><\/td><td class=\"column-2\"><s>64GB<\/s><\/td><td class=\"column-3\"><s>Silber<\/s><\/td><td class=\"column-4\"><s>Gold<\/s><\/td><td class=\"column-5\"><s>Spacegrau<\/s><\/td><td class=\"column-6\"><\/td><td class=\"column-7\"><\/td>\n<\/tr>\n<tr class=\"row-30\">\n\t<td class=\"column-1\"><s>iPhone 6<\/s><\/td><td class=\"column-2\"><s>128GB<\/s><\/td><td class=\"column-3\"><s>Silber<\/s><\/td><td class=\"column-4\"><s>Gold<\/s><\/td><td class=\"column-5\"><s>Spacegrau<\/s><\/td><td class=\"column-6\"><\/td><td class=\"column-7\"><\/td>\n<\/tr>\n<tr class=\"row-31\">\n\t<td class=\"column-1\">iPhone 6 Plus<\/td><td class=\"column-2\">16GB<\/td><td class=\"column-3\">Silber<\/td><td class=\"column-4\"><s>Gold<\/s><\/td><td class=\"column-5\"><s>Spacegrau<\/s><\/td><td class=\"column-6\"><\/td><td class=\"column-7\"><\/td>\n<\/tr>\n<tr class=\"row-32\">\n\t<td class=\"column-1\">iPhone 6 Plus<\/td><td class=\"column-2\">64GB<\/td><td class=\"column-3\">Silber<\/td><td class=\"column-4\"><s>Gold<\/s><\/td><td class=\"column-5\"><s>Spacegrau<\/s><\/td><td class=\"column-6\"><\/td><td class=\"column-7\"><\/td>\n<\/tr>\n<tr class=\"row-33\">\n\t<td class=\"column-1\">iPhone 6 Plus<\/td><td class=\"column-2\">128GB<\/td><td class=\"column-3\">Silber<\/td><td class=\"column-4\"><s>Gold<\/s><\/td><td class=\"column-5\"><s>Spacegrau<\/s><\/td><td class=\"column-6\"><\/td><td class=\"column-7\"><\/td>\n<\/tr>\n<\/tbody>\n<\/table>\n<!-- #tablepress-iphone-6-plus-silver from cache -->\n","protected":false},"excerpt":{"rendered":"<p>Display in Wei\u00df (mit Zierring in Silber)<br \/>\nf\u00fcr iPhone 6 Plus<\/p>\n","protected":false},"featured_media":2523,"comment_status":"open","ping_status":"closed","template":"","meta":[],"product_brand":[],"product_cat":[280],"product_tag":[764,763,164,607,163,606,106,494,491,754,492,752,105,756,814,184,495,496,753,755,815,145,560,493,608,161,162,605],"class_list":{"0":"post-2522","1":"product","2":"type-product","3":"status-publish","4":"has-post-thumbnail","6":"product_cat-ersatzteile-fuer-iphone-6-plus","7":"product_tag-764","8":"product_tag-763","9":"product_tag-bianco","10":"product_tag-blanc","11":"product_tag-blanco","12":"product_tag-blank","13":"product_tag-button","14":"product_tag-digitizer","15":"product_tag-display","16":"product_tag-frame","17":"product_tag-glas","18":"product_tag-glass","19":"product_tag-home","20":"product_tag-id","21":"product_tag-iphone-6-plus","22":"product_tag-iphone-6g-plus","23":"product_tag-lcd","24":"product_tag-panel","25":"product_tag-rahmen","26":"product_tag-retina","27":"product_tag-silber","28":"product_tag-silver","29":"product_tag-touch","30":"product_tag-touchscreen","31":"product_tag-weis","32":"product_tag-weiss","33":"product_tag-white","34":"product_tag-wit","36":"first","37":"outofstock","38":"shipping-taxable","39":"product-type-simple","40":"has-featured-image","41":"square"},"_links":{"self":[{"href":"https:\/\/phone-hospital.eu\/store\/wp-json\/wp\/v2\/product\/2522","targetHints":{"allow":["GET"]}}],"collection":[{"href":"https:\/\/phone-hospital.eu\/store\/wp-json\/wp\/v2\/product"}],"about":[{"href":"https:\/\/phone-hospital.eu\/store\/wp-json\/wp\/v2\/types\/product"}],"replies":[{"embeddable":true,"href":"https:\/\/phone-hospital.eu\/store\/wp-json\/wp\/v2\/comments?post=2522"}],"wp:featuredmedia":[{"embeddable":true,"href":"https:\/\/phone-hospital.eu\/store\/wp-json\/wp\/v2\/media\/2523"}],"wp:attachment":[{"href":"https:\/\/phone-hospital.eu\/store\/wp-json\/wp\/v2\/media?parent=2522"}],"wp:term":[{"taxonomy":"product_brand","embeddable":true,"href":"https:\/\/phone-hospital.eu\/store\/wp-json\/wp\/v2\/product_brand?post=2522"},{"taxonomy":"product_cat","embeddable":true,"href":"https:\/\/phone-hospital.eu\/store\/wp-json\/wp\/v2\/product_cat?post=2522"},{"taxonomy":"product_tag","embeddable":true,"href":"https:\/\/phone-hospital.eu\/store\/wp-json\/wp\/v2\/product_tag?post=2522"}],"curies":[{"name":"wp","href":"https:\/\/api.w.org\/{rel}","templated":true}]}}