{"id":2202,"date":"2014-12-12T19:01:46","date_gmt":"2014-12-12T18:01:46","guid":{"rendered":"https:\/\/phone-hospital.eu\/store\/produkt\/ersatzteile-fuer-iphone-3g\/home-button-in-baby-blau-fuer-iphone-3g-3gs-4\/"},"modified":"2016-07-16T10:51:10","modified_gmt":"2016-07-16T08:51:10","slug":"home-button-in-baby-blau-fuer-iphone-3g-3gs-4","status":"publish","type":"product","link":"https:\/\/phone-hospital.eu\/store\/produkt\/home-button-in-baby-blau-fuer-iphone-3g-3gs-4\/","title":{"rendered":"Home-Button"},"content":{"rendered":"<p style=\"text-align: justify;\">Der Home-Button f\u00fcr ein iPhone 3G, iPhone 3GS oder iPhone 4 in Baby Blau, ist der Knopf der im unterem Bereich des Display\/Touchscreen<sup>\u2020<\/sup> zu finden ist. Erst mit dem <a href=\"https:\/\/phone-hospital.eu\/store\/?s=iphone+home-button+flex-kabel&amp;post_type=product&amp;tags=1&amp;limit=5&amp;ixwps=1\">Home-Button Flex-Kabel<\/a><sup>\u2020<\/sup>, dass f\u00fcr Signal\u00fcbertragung des Home-Button verantwortlich ist, erh\u00e4lt der Home-Button seine technische Funktion.<\/p>\n<p style=\"text-align: justify;\"><sup>\u2020<\/sup> Nicht im Lieferumfang enthalten<\/p>\n<p>&nbsp;<\/p>\n<span id=\"tablepress-iphone-3g-3gs-4-description\" class=\"tablepress-table-description tablepress-table-description-id-iphone-3g-3gs-4\">Dieses Produkt ist kompatibel zu<\/span>\n\n<table id=\"tablepress-iphone-3g-3gs-4\" class=\"tablepress tablepress-id-iphone-3g-3gs-4\" aria-describedby=\"tablepress-iphone-3g-3gs-4-description\">\n<tbody class=\"row-striping row-hover\">\n<tr class=\"row-1\">\n\t<td class=\"column-1\"><s>iPhone<\/s><\/td><td class=\"column-2\"><s>4GB<\/s><\/td><td class=\"column-3\"><\/td><td class=\"column-4\"><\/td><td class=\"column-5\"><\/td><td class=\"column-6\"><\/td><td class=\"column-7\"><\/td>\n<\/tr>\n<tr class=\"row-2\">\n\t<td class=\"column-1\"><s>iPhone<\/s><\/td><td class=\"column-2\"><s>8GB<\/s><\/td><td class=\"column-3\"><\/td><td class=\"column-4\"><\/td><td class=\"column-5\"><\/td><td class=\"column-6\"><\/td><td class=\"column-7\"><\/td>\n<\/tr>\n<tr class=\"row-3\">\n\t<td class=\"column-1\"><s>iPhone<\/s><\/td><td class=\"column-2\"><s>16GB<\/s><\/td><td class=\"column-3\"><\/td><td class=\"column-4\"><\/td><td class=\"column-5\"><\/td><td class=\"column-6\"><\/td><td class=\"column-7\"><\/td>\n<\/tr>\n<tr class=\"row-4\">\n\t<td class=\"column-1\">iPhone 3G<\/td><td class=\"column-2\">8GB<\/td><td class=\"column-3\">Schwarz<\/td><td class=\"column-4\"><\/td><td class=\"column-5\"><\/td><td class=\"column-6\"><\/td><td class=\"column-7\"><\/td>\n<\/tr>\n<tr class=\"row-5\">\n\t<td class=\"column-1\">iPhone 3G<\/td><td class=\"column-2\">16GB<\/td><td class=\"column-3\">Schwarz<\/td><td class=\"column-4\">Wei\u00df<\/td><td class=\"column-5\"><\/td><td class=\"column-6\"><\/td><td class=\"column-7\"><\/td>\n<\/tr>\n<tr class=\"row-6\">\n\t<td class=\"column-1\">iPhone 3GS<\/td><td class=\"column-2\">8GB<\/td><td class=\"column-3\">Schwarz<\/td><td class=\"column-4\"><\/td><td class=\"column-5\"><\/td><td class=\"column-6\"><\/td><td class=\"column-7\"><\/td>\n<\/tr>\n<tr class=\"row-7\">\n\t<td class=\"column-1\">iPhone 3GS<\/td><td class=\"column-2\">16GB<\/td><td class=\"column-3\">Schwarz<\/td><td class=\"column-4\">Wei\u00df<\/td><td class=\"column-5\"><\/td><td class=\"column-6\"><\/td><td class=\"column-7\"><\/td>\n<\/tr>\n<tr class=\"row-8\">\n\t<td class=\"column-1\">iPhone 3GS<\/td><td class=\"column-2\">32GB<\/td><td class=\"column-3\">Schwarz<\/td><td class=\"column-4\">Wei\u00df<\/td><td class=\"column-5\"><\/td><td class=\"column-6\"><\/td><td class=\"column-7\"><\/td>\n<\/tr>\n<tr class=\"row-9\">\n\t<td class=\"column-1\">iPhone 4 (GSM)<\/td><td class=\"column-2\">8GB<\/td><td class=\"column-3\">Schwarz<\/td><td class=\"column-4\">Wei\u00df<\/td><td class=\"column-5\"><\/td><td class=\"column-6\"><\/td><td class=\"column-7\"><\/td>\n<\/tr>\n<tr class=\"row-10\">\n\t<td class=\"column-1\">iPhone 4 (GSM)<\/td><td class=\"column-2\">16GB<\/td><td class=\"column-3\">Schwarz<\/td><td class=\"column-4\">Wei\u00df<\/td><td class=\"column-5\"><\/td><td class=\"column-6\"><\/td><td class=\"column-7\"><\/td>\n<\/tr>\n<tr class=\"row-11\">\n\t<td class=\"column-1\">iPhone 4 (GSM)<\/td><td class=\"column-2\">32GB<\/td><td class=\"column-3\">Schwarz<\/td><td class=\"column-4\">Wei\u00df<\/td><td class=\"column-5\"><\/td><td class=\"column-6\"><\/td><td class=\"column-7\"><\/td>\n<\/tr>\n<tr class=\"row-12\">\n\t<td class=\"column-1\">Phone 4 (CDMA)<\/td><td class=\"column-2\">8GB<\/td><td class=\"column-3\">Schwarz<\/td><td class=\"column-4\">Wei\u00df<\/td><td class=\"column-5\"><\/td><td class=\"column-6\"><\/td><td class=\"column-7\"><\/td>\n<\/tr>\n<tr class=\"row-13\">\n\t<td class=\"column-1\">Phone 4 (CDMA)<\/td><td class=\"column-2\">16GB<\/td><td class=\"column-3\">Schwarz<\/td><td class=\"column-4\">Wei\u00df<\/td><td class=\"column-5\"><\/td><td class=\"column-6\"><\/td><td class=\"column-7\"><\/td>\n<\/tr>\n<tr class=\"row-14\">\n\t<td class=\"column-1\">Phone 4 (CDMA)<\/td><td class=\"column-2\">32GB<\/td><td class=\"column-3\">Schwarz<\/td><td class=\"column-4\">Wei\u00df<\/td><td class=\"column-5\"><\/td><td class=\"column-6\"><\/td><td class=\"column-7\"><\/td>\n<\/tr>\n<tr class=\"row-15\">\n\t<td class=\"column-1\"><s>iPhone 4S<\/s><\/td><td class=\"column-2\">8GB<\/td><td class=\"column-3\"><s>Schwarz<\/s><\/td><td class=\"column-4\"><s>Wei\u00df<\/s><\/td><td class=\"column-5\"><\/td><td class=\"column-6\"><\/td><td class=\"column-7\"><\/td>\n<\/tr>\n<tr class=\"row-16\">\n\t<td class=\"column-1\"><s>iPhone 4S<\/s><\/td><td class=\"column-2\">16GB<\/td><td class=\"column-3\"><s>Schwarz<\/s><\/td><td class=\"column-4\"><s>Wei\u00df<\/s><\/td><td class=\"column-5\"><\/td><td class=\"column-6\"><\/td><td class=\"column-7\"><\/td>\n<\/tr>\n<tr class=\"row-17\">\n\t<td class=\"column-1\"><s>iPhone 4S<\/s><\/td><td class=\"column-2\">32GB<\/td><td class=\"column-3\"><s>Schwarz<\/s><\/td><td class=\"column-4\"><s>Wei\u00df<\/s><\/td><td class=\"column-5\"><\/td><td class=\"column-6\"><\/td><td class=\"column-7\"><\/td>\n<\/tr>\n<tr class=\"row-18\">\n\t<td class=\"column-1\"><s>iPhone 4S<\/s><\/td><td class=\"column-2\">64GB<\/td><td class=\"column-3\"><s>Schwarz<\/s><\/td><td class=\"column-4\"><s>Wei\u00df<\/s><\/td><td class=\"column-5\"><\/td><td class=\"column-6\"><\/td><td class=\"column-7\"><\/td>\n<\/tr>\n<tr class=\"row-19\">\n\t<td class=\"column-1\"><s>iPhone 5<\/s><\/td><td class=\"column-2\"><s>16GB<\/s><\/td><td class=\"column-3\"><s>Schwarz &amp; Graphit<\/s><\/td><td class=\"column-4\"><s>Wei\u00df &amp; Silber<\/s><\/td><td class=\"column-5\"><\/td><td class=\"column-6\"><\/td><td class=\"column-7\"><\/td>\n<\/tr>\n<tr class=\"row-20\">\n\t<td class=\"column-1\"><s>iPhone 5<\/s><\/td><td class=\"column-2\"><s>32GB<\/s><\/td><td class=\"column-3\"><s>Schwarz &amp; Graphit<\/s><\/td><td class=\"column-4\"><s>Wei\u00df &amp; Silber<\/s><\/td><td class=\"column-5\"><\/td><td class=\"column-6\"><\/td><td class=\"column-7\"><\/td>\n<\/tr>\n<tr class=\"row-21\">\n\t<td class=\"column-1\"><s>iPhone 5<\/s><\/td><td class=\"column-2\"><s>64GB<\/s><\/td><td class=\"column-3\"><s>Schwarz &amp; Graphit<\/s><\/td><td class=\"column-4\"><s>Wei\u00df &amp; Silber<\/s><\/td><td class=\"column-5\"><\/td><td class=\"column-6\"><\/td><td class=\"column-7\"><\/td>\n<\/tr>\n<tr class=\"row-22\">\n\t<td class=\"column-1\"><s>iPhone 5C<\/s><\/td><td class=\"column-2\"><s>8GB<\/s><\/td><td class=\"column-3\"><s>Wei\u00df<\/s><\/td><td class=\"column-4\"><s>Pink<\/s><\/td><td class=\"column-5\"><s>Gelb<\/s><\/td><td class=\"column-6\"><s>Blau<\/s><\/td><td class=\"column-7\"><s>Gr\u00fcn<\/s><\/td>\n<\/tr>\n<tr class=\"row-23\">\n\t<td class=\"column-1\"><s>iPhone 5C<\/s><\/td><td class=\"column-2\"><s>16GB<\/s><\/td><td class=\"column-3\"><s>Wei\u00df<\/s><\/td><td class=\"column-4\"><s>Pink<\/s><\/td><td class=\"column-5\"><s>Gelb<\/s><\/td><td class=\"column-6\"><s>Blau<\/s><\/td><td class=\"column-7\"><s>Gr\u00fcn<\/s><\/td>\n<\/tr>\n<tr class=\"row-24\">\n\t<td class=\"column-1\"><s>iPhone 5C<\/s><\/td><td class=\"column-2\"><s>32GB<\/s><\/td><td class=\"column-3\"><s>Wei\u00df<\/s><\/td><td class=\"column-4\"><s>Pink<\/s><\/td><td class=\"column-5\"><s>Gelb<\/s><\/td><td class=\"column-6\"><s>Blau<\/s><\/td><td class=\"column-7\"><s>Gr\u00fcn<\/s><\/td>\n<\/tr>\n<tr class=\"row-25\">\n\t<td class=\"column-1\"><s>iPhone 5S<\/s><\/td><td class=\"column-2\"><s>16GB<\/s><\/td><td class=\"column-3\"><s>Silber<\/s><\/td><td class=\"column-4\"><s>Gold<\/s><\/td><td class=\"column-5\"><s>Spacegrau<\/s><\/td><td class=\"column-6\"><\/td><td class=\"column-7\"><\/td>\n<\/tr>\n<tr class=\"row-26\">\n\t<td class=\"column-1\"><s>iPhone 5S<\/s><\/td><td class=\"column-2\"><s>32GB<\/s><\/td><td class=\"column-3\"><s>Silber<\/s><\/td><td class=\"column-4\"><s>Gold<\/s><\/td><td class=\"column-5\"><s>Spacegrau<\/s><\/td><td class=\"column-6\"><\/td><td class=\"column-7\"><\/td>\n<\/tr>\n<tr class=\"row-27\">\n\t<td class=\"column-1\"><s>iPhone 5S<\/s><\/td><td class=\"column-2\"><s>64GB<\/s><\/td><td class=\"column-3\"><s>Silber<\/s><\/td><td class=\"column-4\"><s>Gold<\/s><\/td><td class=\"column-5\"><s>Spacegrau<\/s><\/td><td class=\"column-6\"><\/td><td class=\"column-7\"><\/td>\n<\/tr>\n<tr class=\"row-28\">\n\t<td class=\"column-1\"><s>iPhone 6<\/s><\/td><td class=\"column-2\"><s>16GB<\/s><\/td><td class=\"column-3\"><s>Silber<\/s><\/td><td class=\"column-4\"><s>Gold<\/s><\/td><td class=\"column-5\"><s>Spacegrau<\/s><\/td><td class=\"column-6\"><\/td><td class=\"column-7\"><\/td>\n<\/tr>\n<tr class=\"row-29\">\n\t<td class=\"column-1\"><s>iPhone 6<\/s><\/td><td class=\"column-2\"><s>64GB<\/s><\/td><td class=\"column-3\"><s>Silber<\/s><\/td><td class=\"column-4\"><s>Gold<\/s><\/td><td class=\"column-5\"><s>Spacegrau<\/s><\/td><td class=\"column-6\"><\/td><td class=\"column-7\"><\/td>\n<\/tr>\n<tr class=\"row-30\">\n\t<td class=\"column-1\"><s>iPhone 6<\/s><\/td><td class=\"column-2\"><s>128GB<\/s><\/td><td class=\"column-3\"><s>Silber<\/s><\/td><td class=\"column-4\"><s>Gold<\/s><\/td><td class=\"column-5\"><s>Spacegrau<\/s><\/td><td class=\"column-6\"><\/td><td class=\"column-7\"><\/td>\n<\/tr>\n<tr class=\"row-31\">\n\t<td class=\"column-1\"><s>iPhone 6 Plus<\/s><\/td><td class=\"column-2\"><s>16GB<\/s><\/td><td class=\"column-3\"><s>Silber<\/s><\/td><td class=\"column-4\"><s>Gold<\/s><\/td><td class=\"column-5\"><s>Spacegrau<\/s><\/td><td class=\"column-6\"><\/td><td class=\"column-7\"><\/td>\n<\/tr>\n<tr class=\"row-32\">\n\t<td class=\"column-1\"><s>iPhone 6 Plus<\/s><\/td><td class=\"column-2\"><s>64GB<\/s><\/td><td class=\"column-3\"><s>Silber<\/s><\/td><td class=\"column-4\"><s>Gold<\/s><\/td><td class=\"column-5\"><s>Spacegrau<\/s><\/td><td class=\"column-6\"><\/td><td class=\"column-7\"><\/td>\n<\/tr>\n<tr class=\"row-33\">\n\t<td class=\"column-1\"><s>iPhone 6 Plus<\/s><\/td><td class=\"column-2\"><s>128GB<\/s><\/td><td class=\"column-3\"><s>Silber<\/s><\/td><td class=\"column-4\"><s>Gold<\/s><\/td><td class=\"column-5\"><s>Spacegrau<\/s><\/td><td class=\"column-6\"><\/td><td class=\"column-7\"><\/td>\n<\/tr>\n<\/tbody>\n<\/table>\n<!-- #tablepress-iphone-3g-3gs-4 from cache -->\n","protected":false},"excerpt":{"rendered":"<p>Home-Button in Baby Blau f\u00fcr iPhone 3G \/ 3GS \/ 4<\/p>\n","protected":false},"featured_media":2203,"comment_status":"open","ping_status":"closed","template":"","meta":[],"product_brand":[],"product_cat":[257,260,263],"product_tag":[529,530,533,534,531,211,532,804,106,105,806,807,808,73,157,109,110],"class_list":{"0":"post-2202","1":"product","2":"type-product","3":"status-publish","4":"has-post-thumbnail","6":"product_cat-ersatzteile-fuer-iphone-3g","7":"product_cat-ersatzteile-fuer-iphone-3gs","8":"product_cat-ersatzteile-fuer-iphone-4","9":"product_tag-529","10":"product_tag-530","11":"product_tag-azul","12":"product_tag-azzurro","13":"product_tag-baby","14":"product_tag-blau","15":"product_tag-bleu","16":"product_tag-blue","17":"product_tag-button","18":"product_tag-home","19":"product_tag-iphone-3g","20":"product_tag-iphone-3gs","21":"product_tag-iphone-4","22":"product_tag-iphone-4g","23":"product_tag-key","24":"product_tag-knopf","25":"product_tag-taste","27":"first","28":"instock","29":"sale","30":"shipping-taxable","31":"product-type-simple","32":"has-featured-image","33":"square"},"_links":{"self":[{"href":"https:\/\/phone-hospital.eu\/store\/wp-json\/wp\/v2\/product\/2202","targetHints":{"allow":["GET"]}}],"collection":[{"href":"https:\/\/phone-hospital.eu\/store\/wp-json\/wp\/v2\/product"}],"about":[{"href":"https:\/\/phone-hospital.eu\/store\/wp-json\/wp\/v2\/types\/product"}],"replies":[{"embeddable":true,"href":"https:\/\/phone-hospital.eu\/store\/wp-json\/wp\/v2\/comments?post=2202"}],"wp:featuredmedia":[{"embeddable":true,"href":"https:\/\/phone-hospital.eu\/store\/wp-json\/wp\/v2\/media\/2203"}],"wp:attachment":[{"href":"https:\/\/phone-hospital.eu\/store\/wp-json\/wp\/v2\/media?parent=2202"}],"wp:term":[{"taxonomy":"product_brand","embeddable":true,"href":"https:\/\/phone-hospital.eu\/store\/wp-json\/wp\/v2\/product_brand?post=2202"},{"taxonomy":"product_cat","embeddable":true,"href":"https:\/\/phone-hospital.eu\/store\/wp-json\/wp\/v2\/product_cat?post=2202"},{"taxonomy":"product_tag","embeddable":true,"href":"https:\/\/phone-hospital.eu\/store\/wp-json\/wp\/v2\/product_tag?post=2202"}],"curies":[{"name":"wp","href":"https:\/\/api.w.org\/{rel}","templated":true}]}}